{"id":8,"date":"2018-01-16T07:42:45","date_gmt":"2018-01-16T07:42:45","guid":{"rendered":"https:\/\/blanc-partner.ch\/?page_id=8"},"modified":"2018-01-16T17:49:39","modified_gmt":"2018-01-16T17:49:39","slug":"ueber-mich","status":"publish","type":"page","link":"https:\/\/blanc-partner.ch\/?page_id=8","title":{"rendered":"\u00dcber uns"},"content":{"rendered":"<p>Die Blanc + Partner GmbH ist Mitglied im Schweizerischen Verband der Betonbohr- und Betonschneid Unternehmungen SVBS.<br \/>\n1979 wagt Reynold Blanc den Schritt in die Selbst\u00e4ndigkeit und gr\u00fcndet seine erste Firma mit Sitz in Horgen: die Reynold Blanc AG. Mit viel Engagement, Gesp\u00fcr f\u00fcr Trends und einzigartigen Pionierleistungen im Bereichen Betonfr\u00e4sen und -bohren macht er sie innert 20 Jahren zu einer erfolgreichen und branchenanerkannten Unternehmung.<br \/>\n1998 \u00fcbergibt Reynold Blanc die Firma seinem Sohn Julien. Zusammen mit seinem Jungendfreund Roger Barmettler wagt er einen zukunftsweisenden Schritt \u2013 dies als \u00fcberzeugte Jungunternehmer. Die Firma wird in Blanc &#038; Barmettler umfirmiert und im Sinne des Gr\u00fcnders weiterentwickelt.<\/p>\n<p>2007 ein weiterer Meilenstein: Julien Blanc entschliesst sich zu wegweisenden Investitionen in die neuste Technologie im Bohr- und S\u00e4gebereich mit Verwendung von hoch spezialisiertem, hydraulischen Diamantfr\u00e4sen. Zus\u00e4tzlich erg\u00e4nzt Julien Blanc die beiden Gesch\u00e4ftsfelder Betontrennen und Betonbohren mit einer weiteren Dienstleistung, dem Bautenschutz. Deshalb auch der neue Name: Blanc \u2013 Betonbohren \u2013 Betontrennen \u2013 Bautenschutz.<br \/>\n2009 werden die Gesch\u00e4ftsfelder aufgrund der Gr\u00f6sse und Komplexit\u00e4t getrennt.<br \/>\nDas Gesch\u00e4ftsfeld &#8218;Bautenschutz&#8216; wird von der Blanc Bautenschutz GmbH aus R\u00fcschlikon\/ZH eigenst\u00e4ndig weitergef\u00fchrt.<\/p>\n","protected":false},"excerpt":{"rendered":"<p>Die Blanc + Partner GmbH ist Mitglied im Schweizerischen Verband der Betonbohr- und Betonschneid Unternehmungen SVBS. 1979 wagt Reynold Blanc den Schritt in die Selbst\u00e4ndigkeit und gr\u00fcndet seine erste Firma mit Sitz in Horgen: die Reynold Blanc AG. Mit viel Engagement, Gesp\u00fcr f\u00fcr Trends und einzigartigen Pionierleistungen im Bereichen Betonfr\u00e4sen und -bohren macht er sie &hellip; <\/p>\n<p class=\"link-more\"><a href=\"https:\/\/blanc-partner.ch\/?page_id=8\" class=\"more-link\"><span class=\"screen-reader-text\">\u201e\u00dcber uns\u201c<\/span> weiterlesen<\/a><\/p>\n","protected":false},"author":1,"featured_media":0,"parent":0,"menu_order":0,"comment_status":"closed","ping_status":"closed","template":"","meta":{"spay_email":"","footnotes":""},"class_list":["post-8","page","type-page","status-publish","hentry"],"_links":{"self":[{"href":"https:\/\/blanc-partner.ch\/index.php?rest_route=\/wp\/v2\/pages\/8","targetHints":{"allow":["GET"]}}],"collection":[{"href":"https:\/\/blanc-partner.ch\/index.php?rest_route=\/wp\/v2\/pages"}],"about":[{"href":"https:\/\/blanc-partner.ch\/index.php?rest_route=\/wp\/v2\/types\/page"}],"author":[{"embeddable":true,"href":"https:\/\/blanc-partner.ch\/index.php?rest_route=\/wp\/v2\/users\/1"}],"replies":[{"embeddable":true,"href":"https:\/\/blanc-partner.ch\/index.php?rest_route=%2Fwp%2Fv2%2Fcomments&post=8"}],"version-history":[{"count":3,"href":"https:\/\/blanc-partner.ch\/index.php?rest_route=\/wp\/v2\/pages\/8\/revisions"}],"predecessor-version":[{"id":57,"href":"https:\/\/blanc-partner.ch\/index.php?rest_route=\/wp\/v2\/pages\/8\/revisions\/57"}],"wp:attachment":[{"href":"https:\/\/blanc-partner.ch\/index.php?rest_route=%2Fwp%2Fv2%2Fmedia&parent=8"}],"curies":[{"name":"wp","href":"https:\/\/api.w.org\/{rel}","templated":true}]}}