{"id":7,"date":"2018-01-16T07:42:45","date_gmt":"2018-01-16T07:42:45","guid":{"rendered":"https:\/\/blanc-partner.ch\/?page_id=7"},"modified":"2018-01-16T11:32:43","modified_gmt":"2018-01-16T11:32:43","slug":"startseite","status":"publish","type":"page","link":"https:\/\/blanc-partner.ch\/","title":{"rendered":"Blanc &#038; Partner GmbH"},"content":{"rendered":"<p>Wir bohren, fr\u00e4sen, s\u00e4gen und beissen Beton.<br \/>\nBei Stahlbeton und Mauerwerk packen wir es schr\u00e4g, vertikal, horizontal oder \u00fcber Kopf an.<\/p>\n<p>Die Zufriedenheit unserer Kunden ist unser h\u00f6chstes Ziel. Darunter verstehen wir hohe Flexibilit\u00e4t bez\u00fcglich Termin und Ausf\u00fchrung, qualifizierte und saubere Arbeit wie auch die Nutzung von Synergien.<\/p>\n","protected":false},"excerpt":{"rendered":"<p>Wir bohren, fr\u00e4sen, s\u00e4gen und beissen Beton. Bei Stahlbeton und Mauerwerk packen wir es schr\u00e4g, vertikal, horizontal oder \u00fcber Kopf an. Die Zufriedenheit unserer Kunden ist unser h\u00f6chstes Ziel. Darunter verstehen wir hohe Flexibilit\u00e4t bez\u00fcglich Termin und Ausf\u00fchrung, qualifizierte und saubere Arbeit wie auch die Nutzung von Synergien.<\/p>\n","protected":false},"author":1,"featured_media":0,"parent":0,"menu_order":0,"comment_status":"closed","ping_status":"closed","template":"","meta":{"spay_email":"","footnotes":""},"class_list":["post-7","page","type-page","status-publish","hentry"],"_links":{"self":[{"href":"https:\/\/blanc-partner.ch\/index.php?rest_route=\/wp\/v2\/pages\/7","targetHints":{"allow":["GET"]}}],"collection":[{"href":"https:\/\/blanc-partner.ch\/index.php?rest_route=\/wp\/v2\/pages"}],"about":[{"href":"https:\/\/blanc-partner.ch\/index.php?rest_route=\/wp\/v2\/types\/page"}],"author":[{"embeddable":true,"href":"https:\/\/blanc-partner.ch\/index.php?rest_route=\/wp\/v2\/users\/1"}],"replies":[{"embeddable":true,"href":"https:\/\/blanc-partner.ch\/index.php?rest_route=%2Fwp%2Fv2%2Fcomments&post=7"}],"version-history":[{"count":4,"href":"https:\/\/blanc-partner.ch\/index.php?rest_route=\/wp\/v2\/pages\/7\/revisions"}],"predecessor-version":[{"id":50,"href":"https:\/\/blanc-partner.ch\/index.php?rest_route=\/wp\/v2\/pages\/7\/revisions\/50"}],"wp:attachment":[{"href":"https:\/\/blanc-partner.ch\/index.php?rest_route=%2Fwp%2Fv2%2Fmedia&parent=7"}],"curies":[{"name":"wp","href":"https:\/\/api.w.org\/{rel}","templated":true}]}}