{"id":15,"date":"2018-01-16T07:42:45","date_gmt":"2018-01-16T07:42:45","guid":{"rendered":"https:\/\/blanc-partner.ch\/?page_id=15"},"modified":"2018-01-16T17:48:54","modified_gmt":"2018-01-16T17:48:54","slug":"referenzen","status":"publish","type":"page","link":"https:\/\/blanc-partner.ch\/?page_id=15","title":{"rendered":"Referenzen"},"content":{"rendered":"<p>ARGE Prime Tower<br \/>\nETH<br \/>\nSihlcity<br \/>\nLandesmuseum ZH<br \/>\nTechnopark ZH<br \/>\nLindt &#038; Spr\u00fcngli<br \/>\nGenerali Versicherungen, Adliswil<br \/>\nGGZ Gartenbau, Z\u00fcrich<br \/>\nStalder Innenausbau AG, W\u00e4denswil<br \/>\nTheiler Metalbau, W\u00e4denswil<br \/>\nAXIMA AG<br \/>\nBank Julius B\u00e4r<br \/>\nSwisscom<br \/>\nGebr. Burkhardt -Bauaustrocknung<br \/>\nWincasa<br \/>\nSpross AG<br \/>\nIKEA<br \/>\nK\u00e4gi &#038; Co, W\u00e4denswil<br \/>\nMercedes Benz<\/p>\n<p><strong>TIEFBAU: <\/strong><br \/>\nKIBAG<br \/>\nH\u00fcppi AG Z\u00fcrich<br \/>\nStrabag<br \/>\nTius AG W\u00e4denswil<\/p>\n<p><strong>HOCHBAU: <\/strong><br \/>\nBr\u00f6nnimann Hoch &#038; Tiefbau AG<br \/>\nPfister AG Horgen<br \/>\nSteiner AG Z\u00fcrich<br \/>\nHalter Generalunternehmung AG<br \/>\nF\u00fcchslin AG W\u00e4denswil<br \/>\nGianesi &#038; Co, Erlenbach<br \/>\nJulius Staub, Sch\u00f6nenberg<br \/>\nStreuli Bau AG<\/p>\n<p><strong>ARCHITEKTEN &#038; BAULEITUNGEN: <\/strong><br \/>\nConcept Architekten<br \/>\nHotz+Partner<br \/>\nStreuli Baumanagement<br \/>\nZBF Architekten, Z\u00fcrich<br \/>\nConeco, Z\u00fcrich<br \/>\nWerubau<\/p>\n","protected":false},"excerpt":{"rendered":"<p>ARGE Prime Tower ETH Sihlcity Landesmuseum ZH Technopark ZH Lindt &#038; Spr\u00fcngli Generali Versicherungen, Adliswil GGZ Gartenbau, Z\u00fcrich Stalder Innenausbau AG, W\u00e4denswil Theiler Metalbau, W\u00e4denswil AXIMA AG Bank Julius B\u00e4r Swisscom Gebr. Burkhardt -Bauaustrocknung Wincasa Spross AG IKEA K\u00e4gi &#038; Co, W\u00e4denswil Mercedes Benz TIEFBAU: KIBAG H\u00fcppi AG Z\u00fcrich Strabag Tius AG W\u00e4denswil HOCHBAU: Br\u00f6nnimann &hellip; <\/p>\n<p class=\"link-more\"><a href=\"https:\/\/blanc-partner.ch\/?page_id=15\" class=\"more-link\"><span class=\"screen-reader-text\">\u201eReferenzen\u201c<\/span> weiterlesen<\/a><\/p>\n","protected":false},"author":1,"featured_media":0,"parent":0,"menu_order":0,"comment_status":"closed","ping_status":"closed","template":"","meta":{"spay_email":"","footnotes":""},"class_list":["post-15","page","type-page","status-publish","hentry"],"_links":{"self":[{"href":"https:\/\/blanc-partner.ch\/index.php?rest_route=\/wp\/v2\/pages\/15","targetHints":{"allow":["GET"]}}],"collection":[{"href":"https:\/\/blanc-partner.ch\/index.php?rest_route=\/wp\/v2\/pages"}],"about":[{"href":"https:\/\/blanc-partner.ch\/index.php?rest_route=\/wp\/v2\/types\/page"}],"author":[{"embeddable":true,"href":"https:\/\/blanc-partner.ch\/index.php?rest_route=\/wp\/v2\/users\/1"}],"replies":[{"embeddable":true,"href":"https:\/\/blanc-partner.ch\/index.php?rest_route=%2Fwp%2Fv2%2Fcomments&post=15"}],"version-history":[{"count":4,"href":"https:\/\/blanc-partner.ch\/index.php?rest_route=\/wp\/v2\/pages\/15\/revisions"}],"predecessor-version":[{"id":56,"href":"https:\/\/blanc-partner.ch\/index.php?rest_route=\/wp\/v2\/pages\/15\/revisions\/56"}],"wp:attachment":[{"href":"https:\/\/blanc-partner.ch\/index.php?rest_route=%2Fwp%2Fv2%2Fmedia&parent=15"}],"curies":[{"name":"wp","href":"https:\/\/api.w.org\/{rel}","templated":true}]}}